{"id":1797,"date":"2023-06-24T17:31:24","date_gmt":"2023-06-24T20:31:24","guid":{"rendered":"https:\/\/planetatecno.com.uy\/planeta\/?page_id=1797"},"modified":"2026-02-15T12:33:27","modified_gmt":"2026-02-15T15:33:27","slug":"planeta-tecno-os-el-sistema-operativo-listo-para-usar","status":"publish","type":"page","link":"https:\/\/planetatecno.com.uy\/planeta\/planeta-tecno-os-el-sistema-operativo-listo-para-usar\/","title":{"rendered":"Planeta Tecno OS &#8211; el sistema operativo listo para usar"},"content":{"rendered":"\n<figure class=\"wp-block-gallery has-nested-images columns-default is-cropped wp-block-gallery-1 is-layout-flex wp-block-gallery-is-layout-flex\">\n<figure class=\"wp-block-image size-full\"><a href=\"https:\/\/youtu.be\/7AV-vS6Cp-w\"><img loading=\"lazy\" decoding=\"async\" width=\"718\" height=\"404\" data-id=\"2450\" src=\"https:\/\/planetatecno.com.uy\/planeta\/wp-content\/uploads\/2025\/10\/Planeta-Tecno-OS-7-mate.jpg\" alt=\"\" class=\"wp-image-2450\" srcset=\"https:\/\/planetatecno.com.uy\/planeta\/wp-content\/uploads\/2025\/10\/Planeta-Tecno-OS-7-mate.jpg 718w, https:\/\/planetatecno.com.uy\/planeta\/wp-content\/uploads\/2025\/10\/Planeta-Tecno-OS-7-mate-300x169.jpg 300w\" sizes=\"auto, (max-width: 718px) 100vw, 718px\" \/><\/a><\/figure>\n<\/figure>\n\n\n\n<div class=\"wp-block-media-text alignwide is-stacked-on-mobile\" style=\"grid-template-columns:37% auto\"><figure class=\"wp-block-media-text__media\"><img loading=\"lazy\" decoding=\"async\" width=\"718\" height=\"718\" src=\"https:\/\/planetatecno.com.uy\/planeta\/wp-content\/uploads\/2024\/12\/Planeta-Tecno-logo.png\" alt=\"\" class=\"wp-image-2261 size-full\" srcset=\"https:\/\/planetatecno.com.uy\/planeta\/wp-content\/uploads\/2024\/12\/Planeta-Tecno-logo.png 718w, https:\/\/planetatecno.com.uy\/planeta\/wp-content\/uploads\/2024\/12\/Planeta-Tecno-logo-300x300.png 300w, https:\/\/planetatecno.com.uy\/planeta\/wp-content\/uploads\/2024\/12\/Planeta-Tecno-logo-150x150.png 150w, https:\/\/planetatecno.com.uy\/planeta\/wp-content\/uploads\/2024\/12\/Planeta-Tecno-logo-225x225.png 225w\" sizes=\"auto, (max-width: 718px) 100vw, 718px\" \/><\/figure><div class=\"wp-block-media-text__content\">\n<ul class=\"wp-block-list\">\n<li>Preparado para funcionar \u00about of the box\u00bb desde un pendrive o para instalar en el disco duro.<\/li>\n\n\n\n<li>Inteligencia Artificial lista para instalar: Gemini &#8211; Copilot &#8211; Chat GPT y m\u00e1s&#8230;<\/li>\n\n\n\n<li>Paquete de oficina ya configurado y compatible con Microsoft Office.<\/li>\n\n\n\n<li>Herramientas de audio, video y gr\u00e1ficos.<\/li>\n\n\n\n<li>Interfaz de usuario moderna, amigable y muy personalizable.<\/li>\n\n\n\n<li>Lanzador universal: buscar archivos locales, buscador de Internet, etc&#8230;<\/li>\n<\/ul>\n<\/div><\/div>\n\n\n\n<div class=\"wp-block-media-text has-media-on-the-right is-stacked-on-mobile\"><div class=\"wp-block-media-text__content\">\n<p class=\"has-text-align-center has-medium-font-size\"><strong>Inteligencia Artificial lista para instalar<\/strong><\/p>\n\n\n\n<ul class=\"wp-block-list\">\n<li>Noi: aplicaci\u00f3n de uso y gesti\u00f3n de herramientas de IA (instalable desde el Administrador).<\/li>\n\n\n\n<li>Acceso directo a chatbots desde la barra de tareas<\/li>\n\n\n\n<li>Chat GPT &#8211; Gemini &#8211; Copilot y m\u00e1s&#8230;<\/li>\n\n\n\n<li>Agregar otras funciones de IA de forma simple.<\/li>\n<\/ul>\n<\/div><figure class=\"wp-block-media-text__media\"><img loading=\"lazy\" decoding=\"async\" width=\"774\" height=\"697\" src=\"https:\/\/planetatecno.com.uy\/planeta\/wp-content\/uploads\/2025\/08\/Planeta-Tecno-OS-IA.png\" alt=\"\" class=\"wp-image-2390 size-full\" srcset=\"https:\/\/planetatecno.com.uy\/planeta\/wp-content\/uploads\/2025\/08\/Planeta-Tecno-OS-IA.png 774w, https:\/\/planetatecno.com.uy\/planeta\/wp-content\/uploads\/2025\/08\/Planeta-Tecno-OS-IA-300x270.png 300w, https:\/\/planetatecno.com.uy\/planeta\/wp-content\/uploads\/2025\/08\/Planeta-Tecno-OS-IA-768x692.png 768w\" sizes=\"auto, (max-width: 774px) 100vw, 774px\" \/><\/figure><\/div>\n\n\n\n<div class=\"wp-block-media-text alignwide is-stacked-on-mobile\"><figure class=\"wp-block-media-text__media\"><img loading=\"lazy\" decoding=\"async\" width=\"1024\" height=\"576\" src=\"https:\/\/planetatecno.com.uy\/planeta\/wp-content\/uploads\/2023\/06\/Captura-de-pantalla_2022-02-12_15-43-16-1-1024x576.png\" alt=\"\" class=\"wp-image-1814 size-full\" srcset=\"https:\/\/planetatecno.com.uy\/planeta\/wp-content\/uploads\/2023\/06\/Captura-de-pantalla_2022-02-12_15-43-16-1-1024x576.png 1024w, https:\/\/planetatecno.com.uy\/planeta\/wp-content\/uploads\/2023\/06\/Captura-de-pantalla_2022-02-12_15-43-16-1-300x169.png 300w, https:\/\/planetatecno.com.uy\/planeta\/wp-content\/uploads\/2023\/06\/Captura-de-pantalla_2022-02-12_15-43-16-1-768x432.png 768w, https:\/\/planetatecno.com.uy\/planeta\/wp-content\/uploads\/2023\/06\/Captura-de-pantalla_2022-02-12_15-43-16-1.png 1366w\" sizes=\"auto, (max-width: 1024px) 100vw, 1024px\" \/><\/figure><div class=\"wp-block-media-text__content\">\n<p class=\"has-text-align-center has-medium-font-size\"><strong>Listo para cargar juegos y programas de Windows<\/strong><\/p>\n\n\n\n<ul class=\"wp-block-list\">\n<li>Instala juegos y programas de Windows en tu sistema.<\/li>\n\n\n\n<li>Wine ya instalado y configurado.<\/li>\n\n\n\n<li>Vulkan y DirectX listos para usar.<\/li>\n\n\n\n<li>Winetricks para agregar herramientas de Windows.<\/li>\n\n\n\n<li>Lutris: lanzador para juegos Windows y m\u00e1s&#8230;<\/li>\n\n\n\n<li>Tienda Steam y otras listas para descargar.<\/li>\n<\/ul>\n<\/div><\/div>\n\n\n\n<div class=\"wp-block-media-text alignwide has-media-on-the-right is-stacked-on-mobile\"><div class=\"wp-block-media-text__content\">\n<p class=\"has-text-align-center has-medium-font-size\"><strong>Tienda de software con miles de programas gratuitos<\/strong><\/p>\n\n\n\n<ul class=\"wp-block-list\">\n<li>Actualiza el sistema, instala y desinstala programas de forma simple y r\u00e1pida.<\/li>\n\n\n\n<li>Explora y descubre programas \u00fanicos.<\/li>\n\n\n\n<li>Soporte para formatos deb, appimage y flatpak (con repositorio flathub ya integrado).<\/li>\n\n\n\n<li>Todas las aplicaciones son gratuitas<\/li>\n<\/ul>\n<\/div><figure class=\"wp-block-media-text__media\"><img loading=\"lazy\" decoding=\"async\" width=\"1023\" height=\"647\" src=\"https:\/\/planetatecno.com.uy\/planeta\/wp-content\/uploads\/2023\/06\/Gnome-software.png\" alt=\"\" class=\"wp-image-1820 size-full\" srcset=\"https:\/\/planetatecno.com.uy\/planeta\/wp-content\/uploads\/2023\/06\/Gnome-software.png 1023w, https:\/\/planetatecno.com.uy\/planeta\/wp-content\/uploads\/2023\/06\/Gnome-software-300x190.png 300w, https:\/\/planetatecno.com.uy\/planeta\/wp-content\/uploads\/2023\/06\/Gnome-software-768x486.png 768w\" sizes=\"auto, (max-width: 1023px) 100vw, 1023px\" \/><\/figure><\/div>\n\n\n\n<div class=\"wp-block-media-text is-stacked-on-mobile\"><figure class=\"wp-block-media-text__media\"><img loading=\"lazy\" decoding=\"async\" width=\"1024\" height=\"576\" src=\"https:\/\/planetatecno.com.uy\/planeta\/wp-content\/uploads\/2025\/10\/Albert-Planeta-1024x576.png\" alt=\"\" class=\"wp-image-2464 size-full\" srcset=\"https:\/\/planetatecno.com.uy\/planeta\/wp-content\/uploads\/2025\/10\/Albert-Planeta-1024x576.png 1024w, https:\/\/planetatecno.com.uy\/planeta\/wp-content\/uploads\/2025\/10\/Albert-Planeta-300x169.png 300w, https:\/\/planetatecno.com.uy\/planeta\/wp-content\/uploads\/2025\/10\/Albert-Planeta-768x432.png 768w, https:\/\/planetatecno.com.uy\/planeta\/wp-content\/uploads\/2025\/10\/Albert-Planeta.png 1366w\" sizes=\"auto, (max-width: 1024px) 100vw, 1024px\" \/><\/figure><div class=\"wp-block-media-text__content\">\n<p class=\"has-text-align-center has-medium-font-size\"><strong>Lanzador universal de escritorio<\/strong><\/p>\n\n\n\n<ul class=\"wp-block-list\">\n<li>Aumenta la velocidad y practicidad en tus tareas.<\/li>\n\n\n\n<li>Busca archivos y carpetas.<\/li>\n\n\n\n<li>Ejecuta aplicaciones.<\/li>\n\n\n\n<li>Busca en Internet con Google, DuckDuckGo, Maps, etc&#8230;<\/li>\n\n\n\n<li>Realiza c\u00e1lculos simples.<\/li>\n\n\n\n<li>Se abre de forma inmediata con el teclado (ctrl + espacio)<\/li>\n<\/ul>\n<\/div><\/div>\n\n\n\n<div class=\"wp-block-media-text has-media-on-the-right is-stacked-on-mobile\"><div class=\"wp-block-media-text__content\">\n<p class=\"has-text-align-center has-medium-font-size\"><strong>Administrador  del Sistema de Planeta Tecno<\/strong> OS<\/p>\n\n\n\n<ul class=\"wp-block-list\">\n<li>Un programa creado para esta distribuci\u00f3n.<\/li>\n\n\n\n<li>Actualiza, limpia y repara el sistema.<\/li>\n\n\n\n<li>Instalar aplicaciones populares: Google-Chrome, Zoom, Whatsapp, Lutris, etc&#8230;<\/li>\n\n\n\n<li>Disponible para descargar de forma independiente (funciona en Debian y derivadas)<\/li>\n<\/ul>\n<\/div><figure class=\"wp-block-media-text__media\"><img loading=\"lazy\" decoding=\"async\" width=\"715\" height=\"524\" src=\"https:\/\/planetatecno.com.uy\/planeta\/wp-content\/uploads\/2025\/10\/Administrador-del-Sistema-Planeta-Tecno-OS.png\" alt=\"\" class=\"wp-image-2434 size-full\" srcset=\"https:\/\/planetatecno.com.uy\/planeta\/wp-content\/uploads\/2025\/10\/Administrador-del-Sistema-Planeta-Tecno-OS.png 715w, https:\/\/planetatecno.com.uy\/planeta\/wp-content\/uploads\/2025\/10\/Administrador-del-Sistema-Planeta-Tecno-OS-300x220.png 300w\" sizes=\"auto, (max-width: 715px) 100vw, 715px\" \/><\/figure><\/div>\n\n\n\n<p class=\"has-medium-font-size\"><strong>Prueba Planeta Tecno OS y descubre una experiencia nueva en tu equipo<\/strong><\/p>\n\n\n\n<p>Gracias por descargar uno de estos programas. Realizarlos requiere esfuerzo, tiempo y dedicaci\u00f3n. Te invito, si lo deseas, a realizar una donaci\u00f3n como forma de reconocimiento y ayuda para que pueda seguir desarrollando y dedic\u00e1ndome a esta pasi\u00f3n que es la Inform\u00e1tica.<\/p>\n\n\n\n<ul class=\"wp-block-list\">\n<li><strong><a rel=\"noreferrer noopener\" href=\"https:\/\/www.paypal.com\/paypalme\/planetatecno\" target=\"_blank\">Colabora donando el monto que desees por Paypal<\/a><\/strong><\/li>\n\n\n\n<li><a href=\"https:\/\/link.mercadopago.com.uy\/planetatecnouy\"><strong>Realiza una donaci\u00f3n por la cantidad deseada por Mercado Libre.<\/strong><\/a><\/li>\n<\/ul>\n\n\n\n<p class=\"has-text-align-center has-medium-font-size\"><strong>Descargas:<\/strong><\/p>\n\n\n\n<ul class=\"wp-block-list\">\n<li><a href=\"https:\/\/www.planetatecno.com.uy\/programas\/planetatecno_os-7.iso\">Sistema operativo Planeta Tecno OS 7 \u00abAmatista\u00bb<\/a> (edici\u00f3n principal) &#8211; <a href=\"https:\/\/www.planetatecno.com.uy\/programas\/planetatecno_os-7.md5\">suma de verificaci\u00f3n<\/a><\/li>\n\n\n\n<li><a href=\"https:\/\/www.planetatecno.com.uy\/programas\/planetatecno-os-7-xfce.iso\">Sistema operativo Planeta Tecno OS 7 &#8211; Xfce<\/a> (con escritorio Xfce) &#8211; <a href=\"https:\/\/www.planetatecno.com.uy\/programas\/planetatecno-os-7-xfce.md5\">suma de verificaci\u00f3n<\/a><\/li>\n<\/ul>\n\n\n\n<p><\/p>\n","protected":false},"excerpt":{"rendered":"<p>Prueba Planeta Tecno OS y descubre una experiencia nueva en tu equipo Gracias por descargar uno de estos programas. Realizarlos requiere esfuerzo, tiempo y dedicaci\u00f3n. Te invito, si lo deseas, a realizar una donaci\u00f3n como forma de reconocimiento y ayuda para que pueda seguir desarrollando y dedic\u00e1ndome a esta pasi\u00f3n que es la Inform\u00e1tica. Descargas:<\/p>\n","protected":false},"author":1,"featured_media":0,"parent":0,"menu_order":0,"comment_status":"closed","ping_status":"closed","template":"","meta":{"footnotes":""},"class_list":["post-1797","page","type-page","status-publish","hentry"],"_links":{"self":[{"href":"https:\/\/planetatecno.com.uy\/planeta\/wp-json\/wp\/v2\/pages\/1797","targetHints":{"allow":["GET"]}}],"collection":[{"href":"https:\/\/planetatecno.com.uy\/planeta\/wp-json\/wp\/v2\/pages"}],"about":[{"href":"https:\/\/planetatecno.com.uy\/planeta\/wp-json\/wp\/v2\/types\/page"}],"author":[{"embeddable":true,"href":"https:\/\/planetatecno.com.uy\/planeta\/wp-json\/wp\/v2\/users\/1"}],"replies":[{"embeddable":true,"href":"https:\/\/planetatecno.com.uy\/planeta\/wp-json\/wp\/v2\/comments?post=1797"}],"version-history":[{"count":38,"href":"https:\/\/planetatecno.com.uy\/planeta\/wp-json\/wp\/v2\/pages\/1797\/revisions"}],"predecessor-version":[{"id":2528,"href":"https:\/\/planetatecno.com.uy\/planeta\/wp-json\/wp\/v2\/pages\/1797\/revisions\/2528"}],"wp:attachment":[{"href":"https:\/\/planetatecno.com.uy\/planeta\/wp-json\/wp\/v2\/media?parent=1797"}],"curies":[{"name":"wp","href":"https:\/\/api.w.org\/{rel}","templated":true}]}}