{"id":2529,"date":"2026-02-15T13:21:13","date_gmt":"2026-02-15T16:21:13","guid":{"rendered":"https:\/\/planetatecno.com.uy\/planeta\/?page_id=2529"},"modified":"2026-03-14T21:24:01","modified_gmt":"2026-03-15T00:24:01","slug":"administrador-del-sistema-planeta-tecno","status":"publish","type":"page","link":"https:\/\/planetatecno.com.uy\/planeta\/administrador-del-sistema-planeta-tecno\/","title":{"rendered":"Administrador del Sistema &#8211; Planeta Tecno"},"content":{"rendered":"\n<p>Con esta herramienta podr\u00e1s f\u00e1cilmente y de forma gr\u00e1fica administrar aspectos b\u00e1sicos del sistema operativo, instalar aplicaciones y utilidades y cambiar el estilo visual de la interfaz.<\/p>\n\n\n\n<div class=\"wp-block-media-text is-stacked-on-mobile\"><figure class=\"wp-block-media-text__media\"><img loading=\"lazy\" decoding=\"async\" width=\"312\" height=\"163\" src=\"https:\/\/planetatecno.com.uy\/planeta\/wp-content\/uploads\/2026\/02\/Wine-adp.png\" alt=\"\" class=\"wp-image-2530 size-full\" srcset=\"https:\/\/planetatecno.com.uy\/planeta\/wp-content\/uploads\/2026\/02\/Wine-adp.png 312w, https:\/\/planetatecno.com.uy\/planeta\/wp-content\/uploads\/2026\/02\/Wine-adp-300x157.png 300w\" sizes=\"auto, (max-width: 312px) 100vw, 312px\" \/><\/figure><div class=\"wp-block-media-text__content\">\n<p class=\"has-text-align-center has-medium-font-size\"><strong>Soporte para programas y juegos Windows<\/strong><\/p>\n\n\n\n<ul class=\"wp-block-list\">\n<li>Instala Wine estable desde el repositorio oficial (WineHQ).<\/li>\n\n\n\n<li>Winetricks.<\/li>\n\n\n\n<li>Lutris (lanzador de juegos).<\/li>\n<\/ul>\n<\/div><\/div>\n\n\n\n<div class=\"wp-block-media-text has-media-on-the-right is-stacked-on-mobile\"><div class=\"wp-block-media-text__content\">\n<p class=\"has-text-align-center has-medium-font-size\"><strong>Selector de temas de escritorio e \u00edconos<\/strong><\/p>\n\n\n\n<ul class=\"wp-block-list\">\n<li>Temas GTK claros y oscuros.<\/li>\n\n\n\n<li>\u00cdconos de diferentes estilos.<\/li>\n\n\n\n<li>Seleccionados desde los repositorios del sistema.<\/li>\n<\/ul>\n<\/div><figure class=\"wp-block-media-text__media\"><img loading=\"lazy\" decoding=\"async\" width=\"486\" height=\"164\" src=\"https:\/\/planetatecno.com.uy\/planeta\/wp-content\/uploads\/2026\/02\/temas-adp.png\" alt=\"\" class=\"wp-image-2531 size-full\" srcset=\"https:\/\/planetatecno.com.uy\/planeta\/wp-content\/uploads\/2026\/02\/temas-adp.png 486w, https:\/\/planetatecno.com.uy\/planeta\/wp-content\/uploads\/2026\/02\/temas-adp-300x101.png 300w\" sizes=\"auto, (max-width: 486px) 100vw, 486px\" \/><\/figure><\/div>\n\n\n\n<div class=\"wp-block-media-text is-stacked-on-mobile\"><figure class=\"wp-block-media-text__media\"><img loading=\"lazy\" decoding=\"async\" width=\"277\" height=\"229\" src=\"https:\/\/planetatecno.com.uy\/planeta\/wp-content\/uploads\/2026\/02\/internet-adp.png\" alt=\"\" class=\"wp-image-2533 size-full\"\/><\/figure><div class=\"wp-block-media-text__content\">\n<p class=\"has-text-align-center has-medium-font-size\"><strong>Internet y comunicaciones<\/strong><\/p>\n\n\n\n<ul class=\"wp-block-list\">\n<li>Navegadores Web: \n<ul class=\"wp-block-list\">\n<li>Brave: seguridad y rapidez (basado en Chromium).<\/li>\n\n\n\n<li>Google Chrome: la opci\u00f3n oficial de Google.<\/li>\n\n\n\n<li>Firefox: libertad y gran cantidad de herramientas.<\/li>\n<\/ul>\n<\/li>\n\n\n\n<li>Mensajer\u00eda: \n<ul class=\"wp-block-list\">\n<li>Zoom: reuniones virtuales.<\/li>\n\n\n\n<li>Whatsapp: mensajer\u00eda.<\/li>\n<\/ul>\n<\/li>\n<\/ul>\n<\/div><\/div>\n\n\n\n<div class=\"wp-block-media-text has-media-on-the-right is-stacked-on-mobile\"><div class=\"wp-block-media-text__content\">\n<p class=\"has-text-align-center has-medium-font-size\"><strong>Ofim\u00e1tica y utilidades<\/strong><\/p>\n\n\n\n<ul class=\"wp-block-list\">\n<li>Suites de oficina completas:\n<ul class=\"wp-block-list\">\n<li>Libreoffice.<\/li>\n\n\n\n<li>Onlyoffice.<\/li>\n<\/ul>\n<\/li>\n\n\n\n<li>Noi: aplicaci\u00f3n para utilizar varias herramientas de IA (Gemini, ChatGPT, Copilot, etc&#8230;) desde el escritoiro.<\/li>\n\n\n\n<li>Reco: grabadora de audio simple y potente.<\/li>\n<\/ul>\n<\/div><figure class=\"wp-block-media-text__media\"><img decoding=\"async\" src=\"https:\/\/planetatecno.com.uy\/planeta\/wp-content\/uploads\/2026\/02\/ofimatica-adp-1.png\" alt=\"\" class=\"wp-image-2536 size-full\"\/><\/figure><\/div>\n\n\n\n<div class=\"wp-block-media-text is-stacked-on-mobile\"><figure class=\"wp-block-media-text__media\"><img loading=\"lazy\" decoding=\"async\" width=\"255\" height=\"245\" src=\"https:\/\/planetatecno.com.uy\/planeta\/wp-content\/uploads\/2026\/02\/admin-adp.png\" alt=\"\" class=\"wp-image-2538 size-full\"\/><\/figure><div class=\"wp-block-media-text__content\">\n<p class=\"has-text-align-center has-medium-font-size\"><strong>Administraci\u00f3n del sistema<\/strong><\/p>\n\n\n\n<ul class=\"wp-block-list\">\n<li>Actualizar el sistema operativo.<\/li>\n\n\n\n<li>Limpiar el sistema: elimina paquetes innecesarios y borra el cach\u00e9.<\/li>\n\n\n\n<li>Repara paquetes mal instalados.<\/li>\n<\/ul>\n<\/div><\/div>\n\n\n\n<p>El Administrador del Sistema est\u00e1 disponible para distribuciones Linux Debian estable y derivadas (MXLinux, LMDE, etc&#8230;) y Ubuntu LTS y derivadas (Mint, ZorinOS, etc&#8230;). Realizar este programa requiere esfuerzo, tiempo y dedicaci\u00f3n. Te invito, si lo deseas, a realizar una donaci\u00f3n como forma de reconocimiento y ayuda para que pueda seguir desarrollando y dedic\u00e1ndome a esta pasi\u00f3n que es la Inform\u00e1tica.<\/p>\n\n\n\n<ul class=\"wp-block-list\">\n<li><a href=\"https:\/\/www.paypal.com\/paypalme\/planetatecno\">Colabora donando el monto que desees a trav\u00e9s de Paypal.<\/a><\/li>\n\n\n\n<li><a href=\"https:\/\/link.mercadopago.com.uy\/planetatecnouy\">Realiza una donaci\u00f3n por la cantidad deseada mediante Mercado Libre.<\/a><\/li>\n<\/ul>\n\n\n\n<p class=\"has-text-align-center has-medium-font-size\"><strong>Enlaces de descarga:<\/strong><\/p>\n\n\n\n<ul class=\"wp-block-list\">\n<li><a href=\"https:\/\/www.planetatecno.com.uy\/programas\/planetatecno-administrador_2.0.1-1_all.deb\">Administrador del sistema &#8211; Planeta Tecno<\/a> (para Debian y derivadas).<\/li>\n\n\n\n<li><a href=\"https:\/\/planetatecno.com.uy\/programas\/planetatecno-administrador_2.0.0-0ubuntu1_all.deb\">Administrador del sistema &#8211; Planeta Tecno<\/a> (para Ubuntu y derivadas).<\/li>\n<\/ul>\n","protected":false},"excerpt":{"rendered":"<p>Con esta herramienta podr\u00e1s f\u00e1cilmente y de forma gr\u00e1fica administrar aspectos b\u00e1sicos del sistema operativo, instalar aplicaciones y utilidades y cambiar el estilo visual de la interfaz. El Administrador del Sistema est\u00e1 disponible para distribuciones Linux Debian estable y derivadas (MXLinux, LMDE, etc&#8230;) y Ubuntu LTS y derivadas (Mint, ZorinOS, etc&#8230;). Realizar este programa requiere &hellip;<br \/><a href=\"https:\/\/planetatecno.com.uy\/planeta\/administrador-del-sistema-planeta-tecno\/\" class=\"more-link pen_button pen_element_default pen_icon_arrow_double\">Seguir leyendo <span class=\"screen-reader-text\">Administrador del Sistema &#8211; Planeta Tecno<\/span><\/a><\/p>\n","protected":false},"author":1,"featured_media":2540,"parent":0,"menu_order":0,"comment_status":"closed","ping_status":"closed","template":"","meta":{"footnotes":""},"class_list":["post-2529","page","type-page","status-publish","has-post-thumbnail","hentry"],"_links":{"self":[{"href":"https:\/\/planetatecno.com.uy\/planeta\/wp-json\/wp\/v2\/pages\/2529","targetHints":{"allow":["GET"]}}],"collection":[{"href":"https:\/\/planetatecno.com.uy\/planeta\/wp-json\/wp\/v2\/pages"}],"about":[{"href":"https:\/\/planetatecno.com.uy\/planeta\/wp-json\/wp\/v2\/types\/page"}],"author":[{"embeddable":true,"href":"https:\/\/planetatecno.com.uy\/planeta\/wp-json\/wp\/v2\/users\/1"}],"replies":[{"embeddable":true,"href":"https:\/\/planetatecno.com.uy\/planeta\/wp-json\/wp\/v2\/comments?post=2529"}],"version-history":[{"count":7,"href":"https:\/\/planetatecno.com.uy\/planeta\/wp-json\/wp\/v2\/pages\/2529\/revisions"}],"predecessor-version":[{"id":2592,"href":"https:\/\/planetatecno.com.uy\/planeta\/wp-json\/wp\/v2\/pages\/2529\/revisions\/2592"}],"wp:featuredmedia":[{"embeddable":true,"href":"https:\/\/planetatecno.com.uy\/planeta\/wp-json\/wp\/v2\/media\/2540"}],"wp:attachment":[{"href":"https:\/\/planetatecno.com.uy\/planeta\/wp-json\/wp\/v2\/media?parent=2529"}],"curies":[{"name":"wp","href":"https:\/\/api.w.org\/{rel}","templated":true}]}}