{"id":351,"date":"2020-10-06T13:26:41","date_gmt":"2020-10-06T16:26:41","guid":{"rendered":"https:\/\/planetatecno.com.uy\/planeta\/?page_id=351"},"modified":"2025-10-18T13:20:11","modified_gmt":"2025-10-18T16:20:11","slug":"servicios-de-informatica","status":"publish","type":"page","link":"https:\/\/planetatecno.com.uy\/planeta\/servicios-de-informatica\/","title":{"rendered":"Servicios de Inform\u00e1tica"},"content":{"rendered":"\n<p class=\"has-drop-cap\">Tenemos soluciones para su equipo. Desde problemas de configuraci\u00f3n, instalaci\u00f3n de sistemas operativos, limpieza de virus, instalaci\u00f3n de programas, configuraci\u00f3n de dispositivos y mucho m\u00e1s. Estos son algunos de nuestros servicios m\u00e1s destacados:<\/p>\n\n\n\n<ul class=\"wp-block-list\">\n<li>Instalaci\u00f3n de sistemas operativos y aplicaciones.<\/li>\n\n\n\n<li>Configuraci\u00f3n de perif\u00e9ricos (impresoras, multifunci\u00f3n, video, etc&#8230;).<\/li>\n\n\n\n<li><strong>Recuperaci\u00f3n de equipos antiguos:<\/strong>\n<ul class=\"wp-block-list\">\n<li>Instalaci\u00f3n de sistemas GNU\/Linux para recuperar viejos sistemas.<\/li>\n\n\n\n<li>O convierte tu antiguo PC en una consola de videojuegos.<\/li>\n<\/ul>\n<\/li>\n\n\n\n<li><strong>Instalaci\u00f3n de sistemas operativos abiertos GNU\/Linux:<\/strong>\n<ul class=\"wp-block-list\">\n<li><span class=\"has-inline-color has-vivid-red-color\">Libre de virus (no necesitar\u00e1 instalar ning\u00fan antivirus).<\/span><\/li>\n\n\n\n<li>R\u00e1pido en equipos antiguos.<\/li>\n\n\n\n<li><span class=\"has-inline-color has-vivid-red-color\">No pierde rendimiento con el uso (no se fragmentan los discos ni hay que limpiar el registro).<\/span><\/li>\n\n\n\n<li>No contiene software esp\u00eda, respeta su privacidad.<\/li>\n\n\n\n<li><span class=\"has-inline-color has-vivid-red-color\">Puede navegar por Internet (Chrome, Firefox, \u00d3pera, etc&#8230;)<\/span><\/li>\n\n\n\n<li><span style=\"text-decoration: underline;\">Contiene aplicaciones de oficina completas y compatibles.<\/span><\/li>\n\n\n\n<li><span class=\"has-inline-color has-vivid-red-color\">Gran cantidad de aplicaciones multimedia (Spotify, VLC, etc&#8230;)<\/span><\/li>\n\n\n\n<li>Miles de aplicaciones disponibles para instalar a un clic.<\/li>\n\n\n\n<li><span class=\"has-inline-color has-vivid-red-color\">Puede jugar a millones de juegos (Steam, Wine, etc&#8230;).<\/span><\/li>\n<\/ul>\n<\/li>\n\n\n\n<li><strong>Conversi\u00f3n de PCs a consolas de videojuegos cl\u00e1sicos<\/strong>.\n<ul class=\"wp-block-list\">\n<li>Juegue a miles de juegos cl\u00e1sicos de las plataformas m\u00e1s conocidas.<\/li>\n\n\n\n<li>Interfaz sencilla y visual, elija y cargue juegos f\u00e1cilmente.<\/li>\n\n\n\n<li><span class=\"has-inline-color has-vivid-red-color\">Portable: puede instalar el sistema en un pendrive y llevarlo para jugar en cualquier equipo guardando sus configuraciones y juegos.<\/span><\/li>\n<\/ul>\n<\/li>\n<\/ul>\n\n\n\n<p>P\u00f3ngase en contacto con nosotros, tenemos mucho para ofrecerle y a precios m\u00e1s que accesibles. Puede abrir nuestro <a href=\"https:\/\/planetatecno.com.uy\/planeta\/contacto\/\">formulario de contacto<\/a> o enviarnos un mensaje por nuestras redes sociales (ver\u00e1 los enlaces en la parte superior e inferior de este sitio Web).<\/p>\n","protected":false},"excerpt":{"rendered":"<p>Tenemos soluciones para su equipo. Desde problemas de configuraci\u00f3n, instalaci\u00f3n de sistemas operativos, limpieza de virus, instalaci\u00f3n de programas, configuraci\u00f3n de dispositivos y mucho m\u00e1s. Estos son algunos de nuestros servicios m\u00e1s destacados: P\u00f3ngase en contacto con nosotros, tenemos mucho para ofrecerle y a precios m\u00e1s que accesibles. Puede abrir nuestro formulario de contacto o &hellip;<br \/><a href=\"https:\/\/planetatecno.com.uy\/planeta\/servicios-de-informatica\/\" class=\"more-link pen_button pen_element_default pen_icon_arrow_double\">Seguir leyendo <span class=\"screen-reader-text\">Servicios de Inform\u00e1tica<\/span><\/a><\/p>\n","protected":false},"author":1,"featured_media":352,"parent":0,"menu_order":0,"comment_status":"closed","ping_status":"closed","template":"","meta":{"footnotes":""},"class_list":["post-351","page","type-page","status-publish","has-post-thumbnail","hentry"],"_links":{"self":[{"href":"https:\/\/planetatecno.com.uy\/planeta\/wp-json\/wp\/v2\/pages\/351","targetHints":{"allow":["GET"]}}],"collection":[{"href":"https:\/\/planetatecno.com.uy\/planeta\/wp-json\/wp\/v2\/pages"}],"about":[{"href":"https:\/\/planetatecno.com.uy\/planeta\/wp-json\/wp\/v2\/types\/page"}],"author":[{"embeddable":true,"href":"https:\/\/planetatecno.com.uy\/planeta\/wp-json\/wp\/v2\/users\/1"}],"replies":[{"embeddable":true,"href":"https:\/\/planetatecno.com.uy\/planeta\/wp-json\/wp\/v2\/comments?post=351"}],"version-history":[{"count":3,"href":"https:\/\/planetatecno.com.uy\/planeta\/wp-json\/wp\/v2\/pages\/351\/revisions"}],"predecessor-version":[{"id":2432,"href":"https:\/\/planetatecno.com.uy\/planeta\/wp-json\/wp\/v2\/pages\/351\/revisions\/2432"}],"wp:featuredmedia":[{"embeddable":true,"href":"https:\/\/planetatecno.com.uy\/planeta\/wp-json\/wp\/v2\/menu-items\/352"}],"wp:attachment":[{"href":"https:\/\/planetatecno.com.uy\/planeta\/wp-json\/wp\/v2\/media?parent=351"}],"curies":[{"name":"wp","href":"https:\/\/api.w.org\/{rel}","templated":true}]}}